{"id":861,"date":"2025-09-12T10:53:18","date_gmt":"2025-09-12T10:53:18","guid":{"rendered":"http:\/\/www.forsamarin.com\/?page_id=861"},"modified":"2025-09-25T13:59:00","modified_gmt":"2025-09-25T13:59:00","slug":"urunlerimiz","status":"publish","type":"page","link":"https:\/\/forsamarin.com\/en\/urunlerimiz\/","title":{"rendered":"Our Products"},"content":{"rendered":"<div class=\"wp-block-essential-blocks-wrapper alignfull  root-eb-wrapper-6w1mnkq\"><div class=\"eb-parent-wrapper eb-parent-eb-wrapper-6w1mnkq\"><div class=\"eb-wrapper-outer eb-wrapper-6w1mnkq\"><div class=\"eb-wrapper-inner\"><div class=\"eb-wrapper-inner-blocks eb-wrapper-align-center\">\n<div class=\"wp-block-essential-blocks-advanced-heading root-eb-advance-heading-k0ddmws\"><div class=\"eb-parent-wrapper eb-parent-eb-advance-heading-k0ddmws\"><div class=\"eb-advance-heading-wrapper eb-advance-heading-k0ddmws button-1 undefined\" data-id=\"eb-advance-heading-k0ddmws\"><h1 class=\"eb-ah-title\"><span class=\"first-title\">Our Products<\/span><\/h1><p class=\"eb-ah-subtitle\"><\/p><\/div><\/div><\/div>\n<\/div><\/div><\/div><\/div><\/div>\n\n\n\n<div class=\"wp-block-essential-blocks-wrapper alignfull  root-eb-wrapper-rvr1sl4\"><div class=\"eb-parent-wrapper eb-parent-eb-wrapper-rvr1sl4\"><div class=\"eb-wrapper-outer eb-wrapper-rvr1sl4\"><div class=\"eb-wrapper-inner\"><div class=\"eb-wrapper-inner-blocks eb-wrapper-align-center\">\n<div class=\"wp-block-essential-blocks-row alignfull  root-eb-row-gll1hmg\"><div class=\"eb-parent-wrapper eb-parent-eb-row-gll1hmg\"><div class=\"eb-row-root-container eb-row-gll1hmg\" data-id=\"eb-row-gll1hmg\"><div class=\"eb-row-wrapper\"><div class=\"eb-row-inner\">\n<div class=\"wp-block-essential-blocks-column  root-eb-column-mmpu3nl\"><div class=\"eb-parent-wrapper eb-parent-eb-column-mmpu3nl\"><div class=\"eb-column-wrapper eb-column-mmpu3nl\"><div class=\"eb-column-inner\">\n<div class=\"wp-block-essential-blocks-advanced-image advanced_image_items  root-eb-advanced-image-i7mni\"><div class=\"eb-parent-wrapper eb-parent-eb-advanced-image-i7mni eb_animation eb___animated eb___fadeInLeft\"><figure class=\"eb-advanced-image-wrapper eb-advanced-image-i7mni no-effect\" data-id=\"eb-advanced-image-i7mni\"><div class=\"eb-image-wrapper\"><div class=\"eb-image-wrapper-inner eb-img-caption-style-2 eb-caption-horizontal-center eb-caption-vertical-bottom bottom eb-img-style-rounded\"><img decoding=\"async\" src=\"http:\/\/www.forsamarin.com\/wp-content\/uploads\/2023\/08\/WhatsApp_Image_2023-08-14_at_12.31.26_PM-removebg-3.png\" alt=\"\"\/><\/div><figcaption class=\"eb-image-caption-wrap\">MAN 23\/30H<br>384.737.340.343 (L23\/30H-51404-01H-010) | Fuel Injection Pipe<\/figcaption><\/div><\/figure><\/div><\/div>\n\n\n\n<div class=\"wp-block-group has-global-padding is-layout-constrained wp-block-group-is-layout-constrained\">\n<div class=\"wp-block-essential-blocks-advanced-image advanced_image_items  root-eb-advanced-image-b0ga8fb\"><div class=\"eb-parent-wrapper eb-parent-eb-advanced-image-b0ga8fb eb_animation eb___animated eb___fadeInLeft\"><figure class=\"eb-advanced-image-wrapper eb-advanced-image-b0ga8fb no-effect\" data-id=\"eb-advanced-image-b0ga8fb\"><div class=\"eb-image-wrapper\"><div class=\"eb-image-wrapper-inner eb-img-caption-style-2 eb-caption-horizontal-center eb-caption-vertical-bottom bottom eb-img-style-rounded\"><img decoding=\"async\" src=\"http:\/\/www.forsamarin.com\/wp-content\/uploads\/2023\/08\/WhatsApp-Image-2023-08-17-at-12photoAid-removed-background.png\" alt=\"\"\/><\/div><figcaption class=\"eb-image-caption-wrap\">DOOSAN<br>Marine Engine MD196T, MD196TI, L126TI, L126TIM<br>Marine Generator Engine AD196T, AD196TI, AD126TI<br>65.10301-6302 PIPE ; DOUBLE FUEL INJECTION<\/figcaption><\/div><\/figure><\/div><\/div>\n\n\n\n<div class=\"wp-block-essential-blocks-advanced-image advanced_image_items  root-eb-advanced-image-po1rz\"><div class=\"eb-parent-wrapper eb-parent-eb-advanced-image-po1rz eb_animation eb___animated eb___fadeInLeft\"><figure class=\"eb-advanced-image-wrapper eb-advanced-image-po1rz no-effect\" data-id=\"eb-advanced-image-po1rz\"><div class=\"eb-image-wrapper\"><div class=\"eb-image-wrapper-inner eb-img-caption-style-2 eb-caption-horizontal-center eb-caption-vertical-bottom bottom eb-img-style-rounded\"><img decoding=\"async\" src=\"http:\/\/www.forsamarin.com\/wp-content\/uploads\/2025\/09\/Kompresor-Bakir-Serpantin-Tamiri-ve-Yenisinin-Imalati-1.png\" alt=\"\"\/><\/div><figcaption class=\"eb-image-caption-wrap\"><\/figcaption><\/div><\/figure><\/div><\/div>\n\n\n\n<div class=\"wp-block-essential-blocks-advanced-image advanced_image_items  root-eb-advanced-image-f37bz\"><div class=\"eb-parent-wrapper eb-parent-eb-advanced-image-f37bz eb_animation eb___animated eb___fadeInLeft\"><figure class=\"eb-advanced-image-wrapper eb-advanced-image-f37bz no-effect\" data-id=\"eb-advanced-image-f37bz\"><div class=\"eb-image-wrapper\"><div class=\"eb-image-wrapper-inner eb-img-style-rounded\"><img decoding=\"async\" src=\"http:\/\/www.forsamarin.com\/wp-content\/uploads\/2025\/09\/Kompresor-Bakir-Serpantin-Tamiri-ve-Yenisinin-Imalati-2.png\" alt=\"\"\/><\/div><\/div><\/figure><\/div><\/div>\n\n\n\n<div class=\"wp-block-essential-blocks-advanced-image advanced_image_items  root-eb-advanced-image-y6unm\"><div class=\"eb-parent-wrapper eb-parent-eb-advanced-image-y6unm eb_animation eb___animated eb___fadeInLeft\"><figure class=\"eb-advanced-image-wrapper eb-advanced-image-y6unm no-effect\" data-id=\"eb-advanced-image-y6unm\"><div class=\"eb-image-wrapper\"><div class=\"eb-image-wrapper-inner eb-img-style-rounded\"><img decoding=\"async\" src=\"http:\/\/www.forsamarin.com\/wp-content\/uploads\/2025\/09\/Kompresor-Bakir-Serpantin-Tamiri-ve-Yenisinin-Imalati-4.png\" alt=\"\"\/><\/div><\/div><\/figure><\/div><\/div>\n\n\n\n<div class=\"wp-block-essential-blocks-advanced-image advanced_image_items  root-eb-advanced-image-nvehc\"><div class=\"eb-parent-wrapper eb-parent-eb-advanced-image-nvehc eb_animation eb___animated eb___fadeInLeft\"><figure class=\"eb-advanced-image-wrapper eb-advanced-image-nvehc no-effect\" data-id=\"eb-advanced-image-nvehc\"><div class=\"eb-image-wrapper\"><div class=\"eb-image-wrapper-inner eb-img-style-rounded\"><img decoding=\"async\" src=\"http:\/\/www.forsamarin.com\/wp-content\/uploads\/2025\/09\/Kompresor-Bakir-Serpantin-Tamiri-ve-Yenisinin-Imalati-6.png\" alt=\"\"\/><\/div><\/div><\/figure><\/div><\/div>\n\n\n\n<div class=\"wp-block-essential-blocks-advanced-image advanced_image_items  root-eb-advanced-image-vmlfh\"><div class=\"eb-parent-wrapper eb-parent-eb-advanced-image-vmlfh eb_animation eb___animated eb___fadeInLeft\"><figure class=\"eb-advanced-image-wrapper eb-advanced-image-vmlfh no-effect\" data-id=\"eb-advanced-image-vmlfh\"><div class=\"eb-image-wrapper\"><div class=\"eb-image-wrapper-inner eb-img-style-rounded\"><img decoding=\"async\" src=\"http:\/\/www.forsamarin.com\/wp-content\/uploads\/2025\/09\/Kompresor-Bakir-Serpantin-Tamiri-ve-Yenisinin-Imalati-8.png\" alt=\"\"\/><\/div><\/div><\/figure><\/div><\/div>\n\n\n\n<div class=\"wp-block-essential-blocks-advanced-image advanced_image_items  root-eb-advanced-image-poclj\"><div class=\"eb-parent-wrapper eb-parent-eb-advanced-image-poclj eb_animation eb___animated eb___fadeInLeft\"><figure class=\"eb-advanced-image-wrapper eb-advanced-image-poclj no-effect\" data-id=\"eb-advanced-image-poclj\"><div class=\"eb-image-wrapper\"><div class=\"eb-image-wrapper-inner eb-img-style-rounded\"><img decoding=\"async\" src=\"http:\/\/www.forsamarin.com\/wp-content\/uploads\/2025\/09\/Kompresor-Bakir-Serpantin-Tamiri-ve-Yenisinin-Imalati-10.png\" alt=\"\"\/><\/div><\/div><\/figure><\/div><\/div>\n\n\n\n<div class=\"wp-block-essential-blocks-advanced-image advanced_image_items  root-eb-advanced-image-2n9u5\"><div class=\"eb-parent-wrapper eb-parent-eb-advanced-image-2n9u5 eb_animation eb___animated eb___fadeInLeft\"><figure class=\"eb-advanced-image-wrapper eb-advanced-image-2n9u5 no-effect\" data-id=\"eb-advanced-image-2n9u5\"><div class=\"eb-image-wrapper\"><div class=\"eb-image-wrapper-inner eb-img-style-rounded\"><img decoding=\"async\" src=\"http:\/\/www.forsamarin.com\/wp-content\/uploads\/2025\/09\/Kompresor-Bakir-Serpantin-Tamiri-ve-Yenisinin-Imalati-12.png\" alt=\"\"\/><\/div><\/div><\/figure><\/div><\/div>\n\n\n\n<div class=\"wp-block-essential-blocks-advanced-image advanced_image_items  root-eb-advanced-image-1xe0t\"><div class=\"eb-parent-wrapper eb-parent-eb-advanced-image-1xe0t eb_animation eb___animated eb___fadeInLeft\"><figure class=\"eb-advanced-image-wrapper eb-advanced-image-1xe0t no-effect\" data-id=\"eb-advanced-image-1xe0t\"><div class=\"eb-image-wrapper\"><div class=\"eb-image-wrapper-inner eb-img-style-rounded\"><img decoding=\"async\" src=\"http:\/\/www.forsamarin.com\/wp-content\/uploads\/2023\/08\/WhatsApp-Image-2023-08-15-at-4.13.59-PM-1.png\" alt=\"\"\/><\/div><\/div><\/figure><\/div><\/div>\n\n\n\n<div class=\"wp-block-essential-blocks-advanced-image advanced_image_items  root-eb-advanced-image-34g64\"><div class=\"eb-parent-wrapper eb-parent-eb-advanced-image-34g64 eb_animation eb___animated eb___fadeInLeft\"><figure class=\"eb-advanced-image-wrapper eb-advanced-image-34g64 no-effect\" data-id=\"eb-advanced-image-34g64\"><div class=\"eb-image-wrapper\"><div class=\"eb-image-wrapper-inner eb-img-style-rounded\"><img decoding=\"async\" src=\"http:\/\/www.forsamarin.com\/wp-content\/uploads\/2025\/09\/Kompresor-Bakir-Serpantin-Tamiri-ve-Yenisinin-Imalati-15.png\" alt=\"\"\/><\/div><\/div><\/figure><\/div><\/div>\n\n\n\n<div class=\"wp-block-essential-blocks-advanced-image advanced_image_items  root-eb-advanced-image-6c1o0\"><div class=\"eb-parent-wrapper eb-parent-eb-advanced-image-6c1o0 eb_animation eb___animated eb___fadeInLeft\"><figure class=\"eb-advanced-image-wrapper eb-advanced-image-6c1o0 no-effect\" data-id=\"eb-advanced-image-6c1o0\"><div class=\"eb-image-wrapper\"><div class=\"eb-image-wrapper-inner eb-img-style-rounded\"><img decoding=\"async\" src=\"http:\/\/www.forsamarin.com\/wp-content\/uploads\/2025\/09\/Kompresor-Bakir-Serpantin-Tamiri-ve-Yenisinin-Imalati-13.png\" alt=\"\"\/><\/div><\/div><\/figure><\/div><\/div>\n<\/div>\n<\/div><\/div><\/div><\/div>\n\n\n\n<div class=\"wp-block-essential-blocks-column  root-eb-column-xxri6r1\"><div class=\"eb-parent-wrapper eb-parent-eb-column-xxri6r1\"><div class=\"eb-column-wrapper eb-column-xxri6r1\"><div class=\"eb-column-inner\">\n<div class=\"wp-block-essential-blocks-advanced-image advanced_image_items  root-eb-advanced-image-cmwt6qh\"><div class=\"eb-parent-wrapper eb-parent-eb-advanced-image-cmwt6qh eb_animation eb___animated eb___fadeInRight\"><figure class=\"eb-advanced-image-wrapper eb-advanced-image-cmwt6qh no-effect\" data-id=\"eb-advanced-image-cmwt6qh\"><div class=\"eb-image-wrapper\"><div class=\"eb-image-wrapper-inner eb-img-caption-style-2 eb-caption-horizontal-center eb-caption-vertical-bottom bottom eb-img-style-rounded\"><img decoding=\"async\" src=\"http:\/\/www.forsamarin.com\/wp-content\/uploads\/2023\/08\/pixlr-bg-result-1.png\" alt=\"\"\/><\/div><figcaption class=\"eb-image-caption-wrap\">MAK M32<br>B1.05.07.9.8525BB | Fuel Injector Delivery Pipe<\/figcaption><\/div><\/figure><\/div><\/div>\n\n\n\n<div class=\"wp-block-essential-blocks-advanced-image advanced_image_items  root-eb-advanced-image-0eapa\"><div class=\"eb-parent-wrapper eb-parent-eb-advanced-image-0eapa eb_animation eb___animated eb___fadeInRight\"><figure class=\"eb-advanced-image-wrapper eb-advanced-image-0eapa no-effect\" data-id=\"eb-advanced-image-0eapa\"><div class=\"eb-image-wrapper\"><div class=\"eb-image-wrapper-inner eb-img-caption-style-2 eb-caption-horizontal-center eb-caption-vertical-bottom bottom eb-img-style-rounded\"><img decoding=\"async\" src=\"http:\/\/www.forsamarin.com\/wp-content\/uploads\/2023\/08\/1692277267392.png\" alt=\"\"\/><\/div><figcaption class=\"eb-image-caption-wrap\">DOOSAN  Marine Engine MD196T, MD196TI, L126TI, L126TIM Marine Generator Engine AD196T, AD196TI, AD126TI 65.10301-6302 PIPE ; DOUBLE FUEL INJECTION<\/figcaption><\/div><\/figure><\/div><\/div>\n\n\n\n<div class=\"wp-block-essential-blocks-advanced-image advanced_image_items  root-eb-advanced-image-bi8vzwu\"><div class=\"eb-parent-wrapper eb-parent-eb-advanced-image-bi8vzwu eb_animation eb___animated eb___fadeInRight\"><figure class=\"eb-advanced-image-wrapper eb-advanced-image-bi8vzwu no-effect\" data-id=\"eb-advanced-image-bi8vzwu\"><div class=\"eb-image-wrapper\"><div class=\"eb-image-wrapper-inner eb-img-caption-style-2 eb-caption-horizontal-center eb-caption-vertical-bottom bottom eb-img-style-rounded\"><img decoding=\"async\" src=\"http:\/\/www.forsamarin.com\/wp-content\/uploads\/2025\/09\/Adsiz-tasarim-3.png\" alt=\"\"\/><\/div><figcaption class=\"eb-image-caption-wrap\">Kompres\u00f6r Bak\u0131r Serpantin Tamiri ve Yenisinin \u0130malat\u0131<\/figcaption><\/div><\/figure><\/div><\/div>\n\n\n\n<div class=\"wp-block-essential-blocks-advanced-image advanced_image_items  root-eb-advanced-image-m6m39\"><div class=\"eb-parent-wrapper eb-parent-eb-advanced-image-m6m39 eb_animation eb___animated eb___fadeInRight\"><figure class=\"eb-advanced-image-wrapper eb-advanced-image-m6m39 no-effect\" data-id=\"eb-advanced-image-m6m39\"><div class=\"eb-image-wrapper\"><div class=\"eb-image-wrapper-inner eb-img-caption-style-2 eb-caption-horizontal-center eb-caption-vertical-bottom bottom eb-img-style-rounded\"><img decoding=\"async\" src=\"http:\/\/www.forsamarin.com\/wp-content\/uploads\/2025\/09\/Kompresor-Bakir-Serpantin-Tamiri-ve-Yenisinin-Imalati-3.png\" alt=\"\"\/><\/div><figcaption class=\"eb-image-caption-wrap\">Hidrolik Boru \u0130malat\u0131<\/figcaption><\/div><\/figure><\/div><\/div>\n\n\n\n<div class=\"wp-block-essential-blocks-advanced-image advanced_image_items  root-eb-advanced-image-ar2db\"><div class=\"eb-parent-wrapper eb-parent-eb-advanced-image-ar2db eb_animation eb___animated eb___fadeInRight\"><figure class=\"eb-advanced-image-wrapper eb-advanced-image-ar2db no-effect\" data-id=\"eb-advanced-image-ar2db\"><div class=\"eb-image-wrapper\"><div class=\"eb-image-wrapper-inner eb-img-caption-style-2 eb-caption-horizontal-center eb-caption-vertical-bottom bottom eb-img-style-rounded\"><img decoding=\"async\" src=\"http:\/\/www.forsamarin.com\/wp-content\/uploads\/2025\/09\/Kompresor-Bakir-Serpantin-Tamiri-ve-Yenisinin-Imalati-5.png\" alt=\"\"\/><\/div><figcaption class=\"eb-image-caption-wrap\"><\/figcaption><\/div><\/figure><\/div><\/div>\n\n\n\n<div class=\"wp-block-essential-blocks-advanced-image advanced_image_items  root-eb-advanced-image-qk0cv\"><div class=\"eb-parent-wrapper eb-parent-eb-advanced-image-qk0cv eb_animation eb___animated eb___fadeInRight\"><figure class=\"eb-advanced-image-wrapper eb-advanced-image-qk0cv no-effect\" data-id=\"eb-advanced-image-qk0cv\"><div class=\"eb-image-wrapper\"><div class=\"eb-image-wrapper-inner eb-img-caption-style-2 eb-caption-horizontal-center eb-caption-vertical-bottom bottom eb-img-style-rounded\"><img decoding=\"async\" src=\"http:\/\/www.forsamarin.com\/wp-content\/uploads\/2025\/09\/Kompresor-Bakir-Serpantin-Tamiri-ve-Yenisinin-Imalati-7.png\" alt=\"\"\/><\/div><figcaption class=\"eb-image-caption-wrap\"><\/figcaption><\/div><\/figure><\/div><\/div>\n\n\n\n<div class=\"wp-block-essential-blocks-advanced-image advanced_image_items  root-eb-advanced-image-yr62x\"><div class=\"eb-parent-wrapper eb-parent-eb-advanced-image-yr62x eb_animation eb___animated eb___fadeInRight\"><figure class=\"eb-advanced-image-wrapper eb-advanced-image-yr62x no-effect\" data-id=\"eb-advanced-image-yr62x\"><div class=\"eb-image-wrapper\"><div class=\"eb-image-wrapper-inner eb-img-caption-style-2 eb-caption-horizontal-center eb-caption-vertical-bottom bottom eb-img-style-rounded\"><img decoding=\"async\" src=\"http:\/\/www.forsamarin.com\/wp-content\/uploads\/2025\/09\/Kompresor-Bakir-Serpantin-Tamiri-ve-Yenisinin-Imalati-9.png\" alt=\"\"\/><\/div><figcaption class=\"eb-image-caption-wrap\"><\/figcaption><\/div><\/figure><\/div><\/div>\n\n\n\n<div class=\"wp-block-essential-blocks-advanced-image advanced_image_items  root-eb-advanced-image-o5jb4\"><div class=\"eb-parent-wrapper eb-parent-eb-advanced-image-o5jb4 eb_animation eb___animated eb___fadeInRight\"><figure class=\"eb-advanced-image-wrapper eb-advanced-image-o5jb4 no-effect\" data-id=\"eb-advanced-image-o5jb4\"><div class=\"eb-image-wrapper\"><div class=\"eb-image-wrapper-inner eb-img-caption-style-2 eb-caption-horizontal-center eb-caption-vertical-bottom bottom eb-img-style-rounded\"><img decoding=\"async\" src=\"http:\/\/www.forsamarin.com\/wp-content\/uploads\/2025\/09\/Kompresor-Bakir-Serpantin-Tamiri-ve-Yenisinin-Imalati-11.png\" alt=\"\"\/><\/div><figcaption class=\"eb-image-caption-wrap\"><\/figcaption><\/div><\/figure><\/div><\/div>\n\n\n\n<div class=\"wp-block-essential-blocks-advanced-image advanced_image_items  root-eb-advanced-image-3pgmv\"><div class=\"eb-parent-wrapper eb-parent-eb-advanced-image-3pgmv eb_animation eb___animated eb___fadeInRight\"><figure class=\"eb-advanced-image-wrapper eb-advanced-image-3pgmv no-effect\" data-id=\"eb-advanced-image-3pgmv\"><div class=\"eb-image-wrapper\"><div class=\"eb-image-wrapper-inner eb-img-caption-style-2 eb-caption-horizontal-center eb-caption-vertical-bottom bottom eb-img-style-rounded\"><img decoding=\"async\" src=\"http:\/\/www.forsamarin.com\/wp-content\/uploads\/2025\/09\/Kompresor-Bakir-Serpantin-Tamiri-ve-Yenisinin-Imalati-3-1.png\" alt=\"\"\/><\/div><figcaption class=\"eb-image-caption-wrap\"><\/figcaption><\/div><\/figure><\/div><\/div>\n\n\n\n<div class=\"wp-block-essential-blocks-advanced-image advanced_image_items  root-eb-advanced-image-ehbt8\"><div class=\"eb-parent-wrapper eb-parent-eb-advanced-image-ehbt8 eb_animation eb___animated eb___fadeInRight\"><figure class=\"eb-advanced-image-wrapper eb-advanced-image-ehbt8 no-effect\" data-id=\"eb-advanced-image-ehbt8\"><div class=\"eb-image-wrapper\"><div class=\"eb-image-wrapper-inner eb-img-caption-style-2 eb-caption-horizontal-center eb-caption-vertical-bottom bottom eb-img-style-rounded\"><img decoding=\"async\" src=\"http:\/\/www.forsamarin.com\/wp-content\/uploads\/2025\/09\/Kompresor-Bakir-Serpantin-Tamiri-ve-Yenisinin-Imalati-16.png\" alt=\"\"\/><\/div><figcaption class=\"eb-image-caption-wrap\"><\/figcaption><\/div><\/figure><\/div><\/div>\n\n\n\n<div class=\"wp-block-essential-blocks-advanced-image advanced_image_items  root-eb-advanced-image-j10s5\"><div class=\"eb-parent-wrapper eb-parent-eb-advanced-image-j10s5 eb_animation eb___animated eb___fadeInRight\"><figure class=\"eb-advanced-image-wrapper eb-advanced-image-j10s5 no-effect\" data-id=\"eb-advanced-image-j10s5\"><div class=\"eb-image-wrapper\"><div class=\"eb-image-wrapper-inner eb-img-caption-style-2 eb-caption-horizontal-center eb-caption-vertical-bottom bottom eb-img-style-rounded\"><img decoding=\"async\" src=\"http:\/\/www.forsamarin.com\/wp-content\/uploads\/2025\/09\/Kompresor-Bakir-Serpantin-Tamiri-ve-Yenisinin-Imalati-14.png\" alt=\"\"\/><\/div><figcaption class=\"eb-image-caption-wrap\"><\/figcaption><\/div><\/figure><\/div><\/div>\n<\/div><\/div><\/div><\/div>\n<\/div><\/div><\/div><\/div><\/div>\n<\/div><\/div><\/div><\/div><\/div>\n\n\n\n<div class=\"wp-block-essential-blocks-wrapper alignfull  root-eb-wrapper-8uvrh\"><div class=\"eb-parent-wrapper eb-parent-eb-wrapper-8uvrh\"><div class=\"eb-wrapper-outer eb-wrapper-8uvrh\"><div class=\"eb-wrapper-inner\"><div class=\"eb-wrapper-inner-blocks eb-wrapper-align-center\">\n<div class=\"wp-block-essential-blocks-call-to-action  root-eb-call-to-action-n31ek\"><div class=\"eb-parent-wrapper eb-parent-eb-call-to-action-n31ek eb_animation eb___animated eb___fadeInUp\"><div class=\"eb-cia-wrapper eb-call-to-action-n31ek\" data-icon=\"fas fa-glass-martini\"><div class=\"eb-cia-text-wrapper\"><h4 class=\"eb-cia-subtitle\"><\/h4><h2 class=\"eb-cia-title\">We're with you at sea.<\/h2><p class=\"eb-cia-description\">Contact us for a price quote<\/p><\/div><div class=\"eb-cia-button-wrapper\"><a href=\"#\" target=\"_self\" rel=\"noopener\"><div class=\"eb-cia-button is-custom\">Bize Ula\u015f\u0131n\u0131z<\/div><\/a><\/div><\/div><\/div><\/div>\n<\/div><\/div><\/div><\/div><\/div>","protected":false},"excerpt":{"rendered":"","protected":false},"author":1,"featured_media":0,"parent":0,"menu_order":0,"comment_status":"closed","ping_status":"closed","template":"templately_header_footer","meta":{"_eb_attr":"","footnotes":""},"class_list":["post-861","page","type-page","status-publish","hentry"],"_links":{"self":[{"href":"https:\/\/forsamarin.com\/en\/wp-json\/wp\/v2\/pages\/861","targetHints":{"allow":["GET"]}}],"collection":[{"href":"https:\/\/forsamarin.com\/en\/wp-json\/wp\/v2\/pages"}],"about":[{"href":"https:\/\/forsamarin.com\/en\/wp-json\/wp\/v2\/types\/page"}],"author":[{"embeddable":true,"href":"https:\/\/forsamarin.com\/en\/wp-json\/wp\/v2\/users\/1"}],"replies":[{"embeddable":true,"href":"https:\/\/forsamarin.com\/en\/wp-json\/wp\/v2\/comments?post=861"}],"version-history":[{"count":2,"href":"https:\/\/forsamarin.com\/en\/wp-json\/wp\/v2\/pages\/861\/revisions"}],"predecessor-version":[{"id":982,"href":"https:\/\/forsamarin.com\/en\/wp-json\/wp\/v2\/pages\/861\/revisions\/982"}],"wp:attachment":[{"href":"https:\/\/forsamarin.com\/en\/wp-json\/wp\/v2\/media?parent=861"}],"curies":[{"name":"wp","href":"https:\/\/api.w.org\/{rel}","templated":true}]}}