{"id":859,"date":"2025-09-12T10:53:18","date_gmt":"2025-09-12T10:53:18","guid":{"rendered":"http:\/\/www.forsamarin.com\/?page_id=859"},"modified":"2025-09-25T12:22:00","modified_gmt":"2025-09-25T12:22:00","slug":"hizmetlerimiz","status":"publish","type":"page","link":"https:\/\/forsamarin.com\/en\/hizmetlerimiz\/","title":{"rendered":"Our Services"},"content":{"rendered":"<div class=\"wp-block-essential-blocks-wrapper alignfull  root-eb-wrapper-6w1mnkq\"><div class=\"eb-parent-wrapper eb-parent-eb-wrapper-6w1mnkq\"><div class=\"eb-wrapper-outer eb-wrapper-6w1mnkq\"><div class=\"eb-wrapper-inner\"><div class=\"eb-wrapper-inner-blocks eb-wrapper-align-center\">\n<div class=\"wp-block-essential-blocks-advanced-heading root-eb-advance-heading-k0ddmws\"><div class=\"eb-parent-wrapper eb-parent-eb-advance-heading-k0ddmws\"><div class=\"eb-advance-heading-wrapper eb-advance-heading-k0ddmws button-1 undefined\" data-id=\"eb-advance-heading-k0ddmws\"><h1 class=\"eb-ah-title\"><span class=\"first-title\">Our Services<\/span><\/h1><p class=\"eb-ah-subtitle\"><\/p><\/div><\/div><\/div>\n<\/div><\/div><\/div><\/div><\/div>\n\n\n\n<div class=\"wp-block-essential-blocks-wrapper alignfull  root-eb-wrapper-ufy90gd\"><div class=\"eb-parent-wrapper eb-parent-eb-wrapper-ufy90gd\"><div class=\"eb-wrapper-outer eb-wrapper-ufy90gd\"><div class=\"eb-wrapper-inner\"><div class=\"eb-wrapper-inner-blocks eb-wrapper-align-center\">\n<div class=\"wp-block-essential-blocks-wrapper  root-eb-wrapper-te03efp\"><div class=\"eb-parent-wrapper eb-parent-eb-wrapper-te03efp\"><div class=\"eb-wrapper-outer eb-wrapper-te03efp\"><div class=\"eb-wrapper-inner\"><div class=\"eb-wrapper-inner-blocks eb-wrapper-align-center\"><\/div><\/div><\/div><\/div><\/div>\n\n\n\n<div class=\"wp-block-essential-blocks-row alignfull  root-eb-row-fbotdtm\"><div class=\"eb-parent-wrapper eb-parent-eb-row-fbotdtm\"><div class=\"eb-row-root-container eb-row-fbotdtm\" data-id=\"eb-row-fbotdtm\"><div class=\"eb-row-wrapper\"><div class=\"eb-row-inner\">\n<div class=\"wp-block-essential-blocks-column  root-eb-column-szwab4k\"><div class=\"eb-parent-wrapper eb-parent-eb-column-szwab4k\"><div class=\"eb-column-wrapper eb-column-szwab4k\"><div class=\"eb-column-inner\">\n<div class=\"wp-block-group has-global-padding is-layout-constrained wp-block-group-is-layout-constrained\">\n<div class=\"wp-block-essential-blocks-infobox  root-eb-infobox-guy8dez\"><div class=\"eb-parent-wrapper eb-parent-eb-infobox-guy8dez eb_animation eb___animated eb___fadeInUp\"><div class=\"eb-infobox-guy8dez eb-infobox-wrapper\"><div class=\"infobox-wrapper-inner\"><div class=\"icon-img-wrapper\"><div class=\"eb-infobox-image-wrapper\"><div class=\"eb-image-wrapper\"><div class=\"eb-image-wrapper-inner eb-infobox-image\"><img decoding=\"async\" src=\"http:\/\/www.forsamarin.com\/wp-content\/uploads\/2019\/09\/cropped-cropped-cropped-Ekran-Alintisi.png\" alt=\"\"\/><\/div><\/div><\/div><\/div><div class=\"contents-wrapper\"><h3 class=\"title\">Yak\u0131t Kam\u00e7\u0131lar\u0131 \u0130malat\u0131<\/h3><p class=\"description\"><\/p><\/div><\/div><\/div><\/div><\/div>\n\n\n\n<div class=\"wp-block-essential-blocks-accordion  root-eb-accordion-3yd8l\"><div class=\"eb-parent-wrapper eb-parent-eb-accordion-3yd8l\"><div class=\"eb-accordion-container eb-accordion-3yd8l\" data-accordion-type=\"accordion\" data-tab-icon=\"dashicons-plus-alt2\" data-expanded-icon=\"dashicons-minus\" data-transition-duration=\"500\"><div class=\"eb-accordion-inner\">\n<div class=\"wp-block-essential-blocks-accordion-item eb-accordion-item-jbbes eb-accordion-wrapper\" data-clickable=\"false\"><div class=\"eb-accordion-title-wrapper eb-accordion-title-wrapper-eb-accordion-3yd8l\" tabindex=\"0\"><span class=\"eb-accordion-icon-wrapper eb-accordion-icon-wrapper-eb-accordion-3yd8l\"><span class=\"dashicon dashicons dashicons-plus-alt2 eb-accordion-icon\"><\/span><\/span><div class=\"eb-accordion-title-content-wrap title-content-eb-accordion-3yd8l\"><h3 class=\"eb-accordion-title\">Deutz<\/h3><\/div><\/div><div class=\"eb-accordion-content-wrapper eb-accordion-content-wrapper-eb-accordion-3yd8l\"><div class=\"eb-accordion-content\">\n<p>BV\/RBV\/SBV12M350<br>BV\/RBV\/SBV6\/8M358<br>(B)F5\/6\/8\/10\/12L413L\/FR(T)\/FW<br>(S\/RB)A3\/4\/5\/6\/8\/12\/16M528<br>(R\/S)BV6\/8\/12\/16M540<br>R(B)V\/SBV 6\/8M 545<br>(S)BV 6\/8\/9\/12\/16M628<br>(S)BV 6\/8\/9\/12\/16M640<br>(B)F4\/6\/8\/12M716<br>(SB)A6\/8\/12\/16M 816<br>F2\/3\/4\/5L912<\/p>\n<\/div><\/div><\/div>\n\n\n\n<div class=\"wp-block-essential-blocks-accordion-item eb-accordion-item-xfxnw eb-accordion-wrapper\" data-clickable=\"false\"><div class=\"eb-accordion-title-wrapper eb-accordion-title-wrapper-eb-accordion-3yd8l\" tabindex=\"0\"><span class=\"eb-accordion-icon-wrapper eb-accordion-icon-wrapper-eb-accordion-3yd8l\"><span class=\"dashicon dashicons dashicons-plus-alt2 eb-accordion-icon\"><\/span><\/span><div class=\"eb-accordion-title-content-wrap title-content-eb-accordion-3yd8l\"><h3 class=\"eb-accordion-title\">MaK<\/h3><\/div><\/div><div class=\"eb-accordion-content-wrapper eb-accordion-content-wrapper-eb-accordion-3yd8l\"><div class=\"eb-accordion-content\">\n<p>MAK 282AK<br>MAK 451AK<br>MAK 452AK<br>MAK 453AK<br>MAK 551AK<br>MAK 552AK<br>MAK 453C<br>MAK 552C<br>MAK M20<br>MAK M25<br>MAK M32<br>MAK M43<\/p>\n<\/div><\/div><\/div>\n\n\n\n<div class=\"wp-block-essential-blocks-accordion-item eb-accordion-item-7e36t eb-accordion-wrapper\" data-clickable=\"false\"><div class=\"eb-accordion-title-wrapper eb-accordion-title-wrapper-eb-accordion-3yd8l\" tabindex=\"0\"><span class=\"eb-accordion-icon-wrapper eb-accordion-icon-wrapper-eb-accordion-3yd8l\"><span class=\"dashicon dashicons dashicons-plus-alt2 eb-accordion-icon\"><\/span><\/span><div class=\"eb-accordion-title-content-wrap title-content-eb-accordion-3yd8l\"><h3 class=\"eb-accordion-title\">MAN B&#038;W <\/h3><\/div><\/div><div class=\"eb-accordion-content-wrapper eb-accordion-content-wrapper-eb-accordion-3yd8l\"><div class=\"eb-accordion-content\">\n<p>MC \u2013 <br>S26 L\/S<br>S35MC<br>S42MC<br>S46MC<br>S50MC<br>S60MC<br>S70MC<br>S80MC(E)<br>K80MC-C<br>K90MC-C<br>98MC<\/p>\n<\/div><\/div><\/div>\n\n\n\n<div class=\"wp-block-essential-blocks-accordion-item eb-accordion-item-5606e eb-accordion-wrapper\" data-clickable=\"false\"><div class=\"eb-accordion-title-wrapper eb-accordion-title-wrapper-eb-accordion-3yd8l\" tabindex=\"0\"><span class=\"eb-accordion-icon-wrapper eb-accordion-icon-wrapper-eb-accordion-3yd8l\"><span class=\"dashicon dashicons dashicons-plus-alt2 eb-accordion-icon\"><\/span><\/span><div class=\"eb-accordion-title-content-wrap title-content-eb-accordion-3yd8l\"><h3 class=\"eb-accordion-title\">SKL<\/h3><\/div><\/div><div class=\"eb-accordion-content-wrapper eb-accordion-content-wrapper-eb-accordion-3yd8l\"><div class=\"eb-accordion-content\">\n<p>NVD 26, NVD 26-2, NVD 26-3<br>NVD 36, NVD 36-1<br>NVD 36\/24<br>NVD 26\/20, NVD 26\/20 AL-1, NVD 26\/20 AL-2<br>NVD 29\/24, NVD 29\/24 AL-1, NVD 29\/24 AL-2<br>NVD 48, NVD 48-2, NVD 48-3<\/p>\n<\/div><\/div><\/div>\n\n\n\n<div class=\"wp-block-essential-blocks-accordion-item eb-accordion-item-ww3wl eb-accordion-wrapper\" data-clickable=\"false\"><div class=\"eb-accordion-title-wrapper eb-accordion-title-wrapper-eb-accordion-3yd8l\" tabindex=\"0\"><span class=\"eb-accordion-icon-wrapper eb-accordion-icon-wrapper-eb-accordion-3yd8l\"><span class=\"dashicon dashicons dashicons-plus-alt2 eb-accordion-icon\"><\/span><\/span><div class=\"eb-accordion-title-content-wrap title-content-eb-accordion-3yd8l\"><h3 class=\"eb-accordion-title\">Sulzer<\/h3><\/div><\/div><div class=\"eb-accordion-content-wrapper eb-accordion-content-wrapper-eb-accordion-3yd8l\"><div class=\"eb-accordion-content\">\n<ul class=\"wp-block-list\">\n<li>AL 20\/24<\/li>\n\n\n\n<li>AL 20\/24 H<\/li>\n\n\n\n<li>AL 25\/30<\/li>\n\n\n\n<li>ASL 25\/30<\/li>\n\n\n\n<li>ATL 25\/30<\/li>\n\n\n\n<li>AV 25\/30<\/li>\n\n\n\n<li>ASV 25\/30<\/li>\n\n\n\n<li>ATV 25\/30<\/li>\n\n\n\n<li>ZL 40\/48<\/li>\n\n\n\n<li>ZV 40\/48<\/li>\n\n\n\n<li>BAH 22<\/li>\n\n\n\n<li>TAD 48<\/li>\n\n\n\n<li>RD 68<\/li>\n\n\n\n<li>RND 68<\/li>\n\n\n\n<li>AL25<\/li>\n\n\n\n<li>ASL25<\/li>\n\n\n\n<li>ASL25H<\/li>\n\n\n\n<li>ATL25<\/li>\n\n\n\n<li>ATL25H<\/li>\n<\/ul>\n<\/div><\/div><\/div>\n\n\n\n<div class=\"wp-block-essential-blocks-accordion-item eb-accordion-item-yydf2 eb-accordion-wrapper\" data-clickable=\"false\"><div class=\"eb-accordion-title-wrapper eb-accordion-title-wrapper-eb-accordion-3yd8l\" tabindex=\"0\"><span class=\"eb-accordion-icon-wrapper eb-accordion-icon-wrapper-eb-accordion-3yd8l\"><span class=\"dashicon dashicons dashicons-plus-alt2 eb-accordion-icon\"><\/span><\/span><div class=\"eb-accordion-title-content-wrap title-content-eb-accordion-3yd8l\"><h3 class=\"eb-accordion-title\">Scania<\/h3><\/div><\/div><div class=\"eb-accordion-content-wrapper eb-accordion-content-wrapper-eb-accordion-3yd8l\"><div class=\"eb-accordion-content\">\n<ul class=\"wp-block-list\">\n<li>DI09<\/li>\n\n\n\n<li>DI11<\/li>\n\n\n\n<li>DI12<\/li>\n\n\n\n<li>DI13<\/li>\n\n\n\n<li>DI14<\/li>\n\n\n\n<li>DI16<\/li>\n<\/ul>\n<\/div><\/div><\/div>\n\n\n\n<div class=\"wp-block-essential-blocks-accordion-item eb-accordion-item-4zua0 eb-accordion-wrapper\" data-clickable=\"false\"><div class=\"eb-accordion-title-wrapper eb-accordion-title-wrapper-eb-accordion-3yd8l\" tabindex=\"0\"><span class=\"eb-accordion-icon-wrapper eb-accordion-icon-wrapper-eb-accordion-3yd8l\"><span class=\"dashicon dashicons dashicons-plus-alt2 eb-accordion-icon\"><\/span><\/span><div class=\"eb-accordion-title-content-wrap title-content-eb-accordion-3yd8l\"><h3 class=\"eb-accordion-title\">Volvo Penta<\/h3><\/div><\/div><div class=\"eb-accordion-content-wrapper eb-accordion-content-wrapper-eb-accordion-3yd8l\"><div class=\"eb-accordion-content\">\n<ul class=\"wp-block-list\">\n<li>TD121<\/li>\n\n\n\n<li>TD120<\/li>\n\n\n\n<li>TAD120<\/li>\n\n\n\n<li>TMD102<\/li>\n\n\n\n<li>TAMD102<\/li>\n\n\n\n<li>TMD121<\/li>\n\n\n\n<li>TAMD121<\/li>\n\n\n\n<li>TAMD122<\/li>\n\n\n\n<li>TMD122<\/li>\n\n\n\n<li>TMD41<\/li>\n\n\n\n<li>TAMD41<\/li>\n<\/ul>\n<\/div><\/div><\/div>\n\n\n\n<div class=\"wp-block-essential-blocks-accordion-item eb-accordion-item-4bn6e eb-accordion-wrapper\" data-clickable=\"false\"><div class=\"eb-accordion-title-wrapper eb-accordion-title-wrapper-eb-accordion-3yd8l\" tabindex=\"0\"><span class=\"eb-accordion-icon-wrapper eb-accordion-icon-wrapper-eb-accordion-3yd8l\"><span class=\"dashicon dashicons dashicons-plus-alt2 eb-accordion-icon\"><\/span><\/span><div class=\"eb-accordion-title-content-wrap title-content-eb-accordion-3yd8l\"><h3 class=\"eb-accordion-title\">Wartsila<\/h3><\/div><\/div><div class=\"eb-accordion-content-wrapper eb-accordion-content-wrapper-eb-accordion-3yd8l\"><div class=\"eb-accordion-content\">\n<ul class=\"wp-block-list\">\n<li>L\/R20<\/li>\n\n\n\n<li>V\/R22<\/li>\n\n\n\n<li>22\/26<\/li>\n\n\n\n<li>24 TS<\/li>\n\n\n\n<li>L26<\/li>\n\n\n\n<li>R\/V32<\/li>\n<\/ul>\n<\/div><\/div><\/div>\n\n\n\n<div class=\"wp-block-essential-blocks-accordion-item eb-accordion-item-w8fow eb-accordion-wrapper\" data-clickable=\"false\"><div class=\"eb-accordion-title-wrapper eb-accordion-title-wrapper-eb-accordion-3yd8l\" tabindex=\"0\"><span class=\"eb-accordion-icon-wrapper eb-accordion-icon-wrapper-eb-accordion-3yd8l\"><span class=\"dashicon dashicons dashicons-plus-alt2 eb-accordion-icon\"><\/span><\/span><div class=\"eb-accordion-title-content-wrap title-content-eb-accordion-3yd8l\"><h3 class=\"eb-accordion-title\">Yanmar<\/h3><\/div><\/div><div class=\"eb-accordion-content-wrapper eb-accordion-content-wrapper-eb-accordion-3yd8l\"><div class=\"eb-accordion-content\"><\/div><\/div><\/div>\n<\/div><\/div><\/div><\/div>\n<\/div>\n<\/div><\/div><\/div><\/div>\n\n\n\n<div class=\"wp-block-essential-blocks-column  root-eb-column-ao3af3h\"><div class=\"eb-parent-wrapper eb-parent-eb-column-ao3af3h\"><div class=\"eb-column-wrapper eb-column-ao3af3h\"><div class=\"eb-column-inner\">\n<div class=\"wp-block-essential-blocks-infobox  root-eb-infobox-aa4w7\"><div class=\"eb-parent-wrapper eb-parent-eb-infobox-aa4w7 eb_animation eb___animated eb___fadeInUp\"><div class=\"eb-infobox-aa4w7 eb-infobox-wrapper\"><div class=\"infobox-wrapper-inner\"><div class=\"icon-img-wrapper\"><div class=\"eb-infobox-image-wrapper\"><div class=\"eb-image-wrapper\"><div class=\"eb-image-wrapper-inner eb-infobox-image\"><img decoding=\"async\" src=\"http:\/\/www.forsamarin.com\/wp-content\/uploads\/2019\/09\/cropped-cropped-cropped-Ekran-Alintisi.png\" alt=\"\"\/><\/div><\/div><\/div><\/div><div class=\"contents-wrapper\"><h2 class=\"title\">Dizel Jenerat\u00f6r Enjekt\u00f6r Boru Setleri \u0130malat\u0131<\/h2><p class=\"description\"><\/p><\/div><\/div><\/div><\/div><\/div>\n\n\n\n<div class=\"wp-block-group is-nowrap is-layout-flex wp-container-core-group-is-layout-6c531013 wp-block-group-is-layout-flex\">\n<div class=\"wp-block-essential-blocks-accordion  root-eb-accordion-4uk4q\"><div class=\"eb-parent-wrapper eb-parent-eb-accordion-4uk4q\"><div class=\"eb-accordion-container eb-accordion-4uk4q\" data-accordion-type=\"accordion\" data-tab-icon=\"dashicons-plus-alt2\" data-expanded-icon=\"dashicons-minus\" data-transition-duration=\"500\"><div class=\"eb-accordion-inner\">\n<div class=\"wp-block-essential-blocks-accordion-item eb-accordion-item-7mflp eb-accordion-wrapper\" data-clickable=\"false\"><div class=\"eb-accordion-title-wrapper eb-accordion-title-wrapper-eb-accordion-4uk4q\" tabindex=\"0\"><span class=\"eb-accordion-icon-wrapper eb-accordion-icon-wrapper-eb-accordion-4uk4q\"><span class=\"dashicon dashicons dashicons-plus-alt2 eb-accordion-icon\"><\/span><\/span><div class=\"eb-accordion-title-content-wrap title-content-eb-accordion-4uk4q\"><h3 class=\"eb-accordion-title\">MAN<\/h3><\/div><\/div><div class=\"eb-accordion-content-wrapper eb-accordion-content-wrapper-eb-accordion-4uk4q\"><div class=\"eb-accordion-content\">\n<p>D0824 , D0826, D0834, D0836, D0846&nbsp;<br>D2530, D2538, D2540, D2542, D2548, D2555, D2556, D2565, D2566<br>D2840, D2842, D2848, D2865, D2866, D2876<\/p>\n<\/div><\/div><\/div>\n\n\n\n<div class=\"wp-block-essential-blocks-accordion-item eb-accordion-item-d67g1 eb-accordion-wrapper\" data-clickable=\"false\"><div class=\"eb-accordion-title-wrapper eb-accordion-title-wrapper-eb-accordion-4uk4q\" tabindex=\"0\"><span class=\"eb-accordion-icon-wrapper eb-accordion-icon-wrapper-eb-accordion-4uk4q\"><span class=\"dashicon dashicons dashicons-plus-alt2 eb-accordion-icon\"><\/span><\/span><div class=\"eb-accordion-title-content-wrap title-content-eb-accordion-4uk4q\"><h3 class=\"eb-accordion-title\">Cummins<\/h3><\/div><\/div><div class=\"eb-accordion-content-wrapper eb-accordion-content-wrapper-eb-accordion-4uk4q\"><div class=\"eb-accordion-content\">\n<p>4B(T)3.9-M,6B(TA)5.9-M,<br>6CTA8.3-M(JW)<br>155B,220B,270B,330B,370B<br>450C<br>4B-250<br>QSM11<br>N(TA)-855-M<br>N14<br>KT(A)19,KTA38,KTA50-M2,<br>QSK19<br>VTA28-M<\/p>\n<\/div><\/div><\/div>\n\n\n\n<div class=\"wp-block-essential-blocks-accordion-item eb-accordion-item-ep8je eb-accordion-wrapper\" data-clickable=\"false\"><div class=\"eb-accordion-title-wrapper eb-accordion-title-wrapper-eb-accordion-4uk4q\" tabindex=\"0\"><span class=\"eb-accordion-icon-wrapper eb-accordion-icon-wrapper-eb-accordion-4uk4q\"><span class=\"dashicon dashicons dashicons-plus-alt2 eb-accordion-icon\"><\/span><\/span><div class=\"eb-accordion-title-content-wrap title-content-eb-accordion-4uk4q\"><h3 class=\"eb-accordion-title\">Caterpillar<\/h3><\/div><\/div><div class=\"eb-accordion-content-wrapper eb-accordion-content-wrapper-eb-accordion-4uk4q\"><div class=\"eb-accordion-content\">\n<p>Our travel packages typically include accommodation, transportation, and some guided tours. Check the details to see what&#8217;s specifically covered for each package.<\/p>\n<\/div><\/div><\/div>\n\n\n\n<div class=\"wp-block-essential-blocks-accordion-item eb-accordion-item-is05r eb-accordion-wrapper\" data-clickable=\"false\"><div class=\"eb-accordion-title-wrapper eb-accordion-title-wrapper-eb-accordion-4uk4q\" tabindex=\"0\"><span class=\"eb-accordion-icon-wrapper eb-accordion-icon-wrapper-eb-accordion-4uk4q\"><span class=\"dashicon dashicons dashicons-plus-alt2 eb-accordion-icon\"><\/span><\/span><div class=\"eb-accordion-title-content-wrap title-content-eb-accordion-4uk4q\"><h3 class=\"eb-accordion-title\">John Deere<\/h3><\/div><\/div><div class=\"eb-accordion-content-wrapper eb-accordion-content-wrapper-eb-accordion-4uk4q\"><div class=\"eb-accordion-content\"><\/div><\/div><\/div>\n\n\n\n<div class=\"wp-block-essential-blocks-accordion-item eb-accordion-item-2ijh9 eb-accordion-wrapper\" data-clickable=\"false\"><div class=\"eb-accordion-title-wrapper eb-accordion-title-wrapper-eb-accordion-4uk4q\" tabindex=\"0\"><span class=\"eb-accordion-icon-wrapper eb-accordion-icon-wrapper-eb-accordion-4uk4q\"><span class=\"dashicon dashicons dashicons-plus-alt2 eb-accordion-icon\"><\/span><\/span><div class=\"eb-accordion-title-content-wrap title-content-eb-accordion-4uk4q\"><h3 class=\"eb-accordion-title\">Doosan<\/h3><\/div><\/div><div class=\"eb-accordion-content-wrapper eb-accordion-content-wrapper-eb-accordion-4uk4q\"><div class=\"eb-accordion-content\"><\/div><\/div><\/div>\n<\/div><\/div><\/div><\/div>\n<\/div>\n<\/div><\/div><\/div><\/div>\n\n\n\n<div class=\"wp-block-essential-blocks-column  root-eb-column-7ve7l2i\"><div class=\"eb-parent-wrapper eb-parent-eb-column-7ve7l2i\"><div class=\"eb-column-wrapper eb-column-7ve7l2i\"><div class=\"eb-column-inner\">\n<div class=\"wp-block-essential-blocks-infobox  root-eb-infobox-z9okh94\"><div class=\"eb-parent-wrapper eb-parent-eb-infobox-z9okh94 eb_animation eb___animated eb___fadeInUp\"><div class=\"eb-infobox-z9okh94 eb-infobox-wrapper\"><div class=\"infobox-wrapper-inner\"><div class=\"icon-img-wrapper\"><div class=\"eb-infobox-image-wrapper\"><div class=\"eb-image-wrapper\"><div class=\"eb-image-wrapper-inner eb-infobox-image\"><img decoding=\"async\" src=\"http:\/\/www.forsamarin.com\/wp-content\/uploads\/2019\/09\/cropped-cropped-cropped-Ekran-Alintisi.png\" alt=\"\"\/><\/div><\/div><\/div><\/div><div class=\"contents-wrapper\"><h2 class=\"title\">Jenerat\u00f6r So\u011futma Boru Serpantinleri<\/h2><p class=\"description\"><\/p><\/div><\/div><\/div><\/div><\/div>\n<\/div><\/div><\/div><\/div>\n<\/div><\/div><\/div><\/div><\/div>\n\n\n\n<div class=\"wp-block-essential-blocks-row alignfull  root-eb-row-mwpjnfi\"><div class=\"eb-parent-wrapper eb-parent-eb-row-mwpjnfi\"><div class=\"eb-row-root-container eb-row-mwpjnfi\" data-id=\"eb-row-mwpjnfi\"><div class=\"eb-row-wrapper\"><div class=\"eb-row-inner\">\n<div class=\"wp-block-essential-blocks-column  root-eb-column-ry5pk2n\"><div class=\"eb-parent-wrapper eb-parent-eb-column-ry5pk2n\"><div class=\"eb-column-wrapper eb-column-ry5pk2n\"><div class=\"eb-column-inner\">\n<div class=\"wp-block-essential-blocks-infobox  root-eb-infobox-9si9p04\"><div class=\"eb-parent-wrapper eb-parent-eb-infobox-9si9p04 eb_animation eb___animated eb___fadeInUp\"><div class=\"eb-infobox-9si9p04 eb-infobox-wrapper\"><div class=\"infobox-wrapper-inner\"><div class=\"icon-img-wrapper\"><div class=\"eb-infobox-image-wrapper\"><div class=\"eb-image-wrapper\"><div class=\"eb-image-wrapper-inner eb-infobox-image\"><img decoding=\"async\" src=\"http:\/\/www.forsamarin.com\/wp-content\/uploads\/2025\/09\/2-1.jpg\" alt=\"\"\/><\/div><\/div><\/div><\/div><div class=\"contents-wrapper\"><h2 class=\"title\">Takometre Teli \u0130malat\u0131<\/h2><p class=\"description\"><\/p><\/div><\/div><\/div><\/div><\/div>\n\n\n\n<div class=\"wp-block-essential-blocks-infobox  root-eb-infobox-u0qwm\"><div class=\"eb-parent-wrapper eb-parent-eb-infobox-u0qwm eb_animation eb___animated eb___fadeInUp\"><div class=\"eb-infobox-u0qwm eb-infobox-wrapper\"><div class=\"infobox-wrapper-inner\"><div class=\"icon-img-wrapper\"><div class=\"eb-infobox-image-wrapper\"><div class=\"eb-image-wrapper\"><div class=\"eb-image-wrapper-inner eb-infobox-image\"><img decoding=\"async\" src=\"http:\/\/www.forsamarin.com\/wp-content\/uploads\/2025\/09\/2-1.jpg\" alt=\"\"\/><\/div><\/div><\/div><\/div><div class=\"contents-wrapper\"><h2 class=\"title\">\u00a0Y\u00fcksek Bas\u0131n\u00e7l\u0131 Hidrolik Hortumlar\u0131 \u0130malat\u0131<\/h2><p class=\"description\"><\/p><\/div><\/div><\/div><\/div><\/div>\n<\/div><\/div><\/div><\/div>\n\n\n\n<div class=\"wp-block-essential-blocks-column  root-eb-column-grf3bu9\"><div class=\"eb-parent-wrapper eb-parent-eb-column-grf3bu9\"><div class=\"eb-column-wrapper eb-column-grf3bu9\"><div class=\"eb-column-inner\">\n<div class=\"wp-block-essential-blocks-infobox  root-eb-infobox-scv3309\"><div class=\"eb-parent-wrapper eb-parent-eb-infobox-scv3309 eb_animation eb___animated eb___fadeInUp\"><div class=\"eb-infobox-scv3309 eb-infobox-wrapper\"><div class=\"infobox-wrapper-inner\"><div class=\"icon-img-wrapper\"><div class=\"eb-infobox-image-wrapper\"><div class=\"eb-image-wrapper\"><div class=\"eb-image-wrapper-inner eb-infobox-image\"><img decoding=\"async\" src=\"http:\/\/www.forsamarin.com\/wp-content\/uploads\/2025\/09\/2-1.jpg\" alt=\"\"\/><\/div><\/div><\/div><\/div><div class=\"contents-wrapper\"><h2 class=\"title\">Yak\u0131t Kam\u00e7\u0131lar\u0131 Testi ve Tamiri<\/h2><p class=\"description\"><\/p><\/div><\/div><\/div><\/div><\/div>\n\n\n\n<div class=\"wp-block-essential-blocks-infobox  root-eb-infobox-nqsbq\"><div class=\"eb-parent-wrapper eb-parent-eb-infobox-nqsbq eb_animation eb___animated eb___fadeInUp\"><div class=\"eb-infobox-nqsbq eb-infobox-wrapper\"><div class=\"infobox-wrapper-inner\"><div class=\"icon-img-wrapper\"><div class=\"eb-infobox-image-wrapper\"><div class=\"eb-image-wrapper\"><div class=\"eb-image-wrapper-inner eb-infobox-image\"><img decoding=\"async\" src=\"http:\/\/www.forsamarin.com\/wp-content\/uploads\/2025\/09\/2-1.jpg\" alt=\"\"\/><\/div><\/div><\/div><\/div><div class=\"contents-wrapper\"><h2 class=\"title\">Yak\u0131t Borular\u0131 <\/h2><p class=\"description\"><\/p><\/div><\/div><\/div><\/div><\/div>\n<\/div><\/div><\/div><\/div>\n\n\n\n<div class=\"wp-block-essential-blocks-column  root-eb-column-hqx2lxe\"><div class=\"eb-parent-wrapper eb-parent-eb-column-hqx2lxe\"><div class=\"eb-column-wrapper eb-column-hqx2lxe\"><div class=\"eb-column-inner\">\n<div class=\"wp-block-essential-blocks-infobox  root-eb-infobox-e1x5ox3\"><div class=\"eb-parent-wrapper eb-parent-eb-infobox-e1x5ox3 eb_animation eb___animated eb___fadeInUp\"><div class=\"eb-infobox-e1x5ox3 eb-infobox-wrapper\"><div class=\"infobox-wrapper-inner\"><div class=\"icon-img-wrapper\"><div class=\"eb-infobox-image-wrapper\"><div class=\"eb-image-wrapper\"><div class=\"eb-image-wrapper-inner eb-infobox-image\"><img decoding=\"async\" src=\"http:\/\/www.forsamarin.com\/wp-content\/uploads\/2025\/09\/2-1.jpg\" alt=\"\"\/><\/div><\/div><\/div><\/div><div class=\"contents-wrapper\"><h2 class=\"title\">Torna Ve Freze \u0130\u015f\u00e7ilikleri<\/h2><p class=\"description\"><\/p><\/div><\/div><\/div><\/div><\/div>\n\n\n\n<div class=\"wp-block-essential-blocks-infobox  root-eb-infobox-5pztw\"><div class=\"eb-parent-wrapper eb-parent-eb-infobox-5pztw eb_animation eb___animated eb___fadeInUp\"><div class=\"eb-infobox-5pztw eb-infobox-wrapper\"><div class=\"infobox-wrapper-inner\"><div class=\"icon-img-wrapper\"><div class=\"eb-infobox-image-wrapper\"><div class=\"eb-image-wrapper\"><div class=\"eb-image-wrapper-inner eb-infobox-image\"><img decoding=\"async\" src=\"http:\/\/www.forsamarin.com\/wp-content\/uploads\/2025\/09\/2-1.jpg\" alt=\"\"\/><\/div><\/div><\/div><\/div><div class=\"contents-wrapper\"><h2 class=\"title\">Yak\u0131t Hortumlar\u0131<\/h2><p class=\"description\"><\/p><\/div><\/div><\/div><\/div><\/div>\n<\/div><\/div><\/div><\/div>\n<\/div><\/div><\/div><\/div><\/div>\n<\/div><\/div><\/div><\/div><\/div>\n\n\n\n<div class=\"wp-block-essential-blocks-wrapper alignfull  root-eb-wrapper-8uvrh\"><div class=\"eb-parent-wrapper eb-parent-eb-wrapper-8uvrh\"><div class=\"eb-wrapper-outer eb-wrapper-8uvrh\"><div class=\"eb-wrapper-inner\"><div class=\"eb-wrapper-inner-blocks eb-wrapper-align-center\">\n<div class=\"wp-block-essential-blocks-call-to-action  root-eb-call-to-action-n31ek\"><div class=\"eb-parent-wrapper eb-parent-eb-call-to-action-n31ek eb_animation eb___animated eb___fadeInUp\"><div class=\"eb-cia-wrapper eb-call-to-action-n31ek\" data-icon=\"fas fa-glass-martini\"><div class=\"eb-cia-text-wrapper\"><h4 class=\"eb-cia-subtitle\"><\/h4><h2 class=\"eb-cia-title\">We're with you at sea.<\/h2><p class=\"eb-cia-description\">Contact us for a price quote<\/p><\/div><div class=\"eb-cia-button-wrapper\"><a href=\"#http:\/\/www.forsamarin.com\/?page_id=858\" target=\"_self\" rel=\"noopener\"><div class=\"eb-cia-button is-custom\">Bize Ula\u015f\u0131n\u0131z<\/div><\/a><\/div><\/div><\/div><\/div>\n<\/div><\/div><\/div><\/div><\/div>","protected":false},"excerpt":{"rendered":"","protected":false},"author":1,"featured_media":0,"parent":0,"menu_order":0,"comment_status":"closed","ping_status":"closed","template":"templately_header_footer","meta":{"_eb_attr":"","footnotes":"[]"},"class_list":["post-859","page","type-page","status-publish","hentry"],"_links":{"self":[{"href":"https:\/\/forsamarin.com\/en\/wp-json\/wp\/v2\/pages\/859","targetHints":{"allow":["GET"]}}],"collection":[{"href":"https:\/\/forsamarin.com\/en\/wp-json\/wp\/v2\/pages"}],"about":[{"href":"https:\/\/forsamarin.com\/en\/wp-json\/wp\/v2\/types\/page"}],"author":[{"embeddable":true,"href":"https:\/\/forsamarin.com\/en\/wp-json\/wp\/v2\/users\/1"}],"replies":[{"embeddable":true,"href":"https:\/\/forsamarin.com\/en\/wp-json\/wp\/v2\/comments?post=859"}],"version-history":[{"count":8,"href":"https:\/\/forsamarin.com\/en\/wp-json\/wp\/v2\/pages\/859\/revisions"}],"predecessor-version":[{"id":980,"href":"https:\/\/forsamarin.com\/en\/wp-json\/wp\/v2\/pages\/859\/revisions\/980"}],"wp:attachment":[{"href":"https:\/\/forsamarin.com\/en\/wp-json\/wp\/v2\/media?parent=859"}],"curies":[{"name":"wp","href":"https:\/\/api.w.org\/{rel}","templated":true}]}}