{"id":858,"date":"2025-09-12T10:53:17","date_gmt":"2025-09-12T10:53:17","guid":{"rendered":"http:\/\/www.forsamarin.com\/?page_id=858"},"modified":"2025-09-25T12:16:07","modified_gmt":"2025-09-25T12:16:07","slug":"bizeulasin","status":"publish","type":"page","link":"https:\/\/forsamarin.com\/en\/bizeulasin\/","title":{"rendered":"Contact Us"},"content":{"rendered":"<div class=\"wp-block-essential-blocks-wrapper alignfull  root-eb-wrapper-6w1mnkq\"><div class=\"eb-parent-wrapper eb-parent-eb-wrapper-6w1mnkq\"><div class=\"eb-wrapper-outer eb-wrapper-6w1mnkq\"><div class=\"eb-wrapper-inner\"><div class=\"eb-wrapper-inner-blocks eb-wrapper-align-center\">\n<div class=\"wp-block-essential-blocks-advanced-heading root-eb-advance-heading-k0ddmws\"><div class=\"eb-parent-wrapper eb-parent-eb-advance-heading-k0ddmws\"><div class=\"eb-advance-heading-wrapper eb-advance-heading-k0ddmws button-1 undefined\" data-id=\"eb-advance-heading-k0ddmws\"><h1 class=\"eb-ah-title\"><span class=\"first-title\"><strong>Contact us for a price quote<\/strong><\/span><\/h1><p class=\"eb-ah-subtitle\"><\/p><\/div><\/div><\/div>\n<\/div><\/div><\/div><\/div><\/div>\n\n\n\n<div class=\"wp-block-essential-blocks-wrapper alignfull  root-eb-wrapper-8rmvy\"><div class=\"eb-parent-wrapper eb-parent-eb-wrapper-8rmvy\"><div class=\"eb-wrapper-outer eb-wrapper-8rmvy\"><div class=\"eb-wrapper-inner\"><div class=\"eb-wrapper-inner-blocks eb-wrapper-align-center\">\n<div class=\"wp-block-essential-blocks-row alignfull  root-eb-row-ru6fg\"><div class=\"eb-parent-wrapper eb-parent-eb-row-ru6fg\"><div class=\"eb-row-root-container eb-row-ru6fg\" data-id=\"eb-row-ru6fg\"><div class=\"eb-row-wrapper\"><div class=\"eb-row-inner\">\n<div class=\"wp-block-essential-blocks-column  root-eb-column-3o67v\"><div class=\"eb-parent-wrapper eb-parent-eb-column-3o67v\"><div class=\"eb-column-wrapper eb-column-3o67v\"><div class=\"eb-column-inner\">\n<div class=\"wp-block-essential-blocks-advanced-heading root-eb-advance-heading-5jxb4db  root-eb-advance-heading-dpg9y\"><div class=\"eb-parent-wrapper eb-parent-eb-advance-heading-dpg9y eb_animation eb___animated eb___fadeInUp\"><div class=\"eb-advance-heading-wrapper eb-advance-heading-dpg9y button-1 undefined\" data-id=\"eb-advance-heading-dpg9y\"><h1 class=\"eb-ah-title\"><span class=\"first-title\">Contact Us<\/span><\/h1><h2 class=\"eb-ah-subtitle\"><\/h2><\/div><\/div><\/div>\n<\/div><\/div><\/div><\/div>\n<\/div><\/div><\/div><\/div><\/div>\n\n\n\n<div class=\"wp-block-group has-global-padding is-layout-constrained wp-block-group-is-layout-constrained\">\n<div class=\"wp-block-essential-blocks-wrapper alignfull  root-eb-wrapper-c4t0wzb\"><div class=\"eb-parent-wrapper eb-parent-eb-wrapper-c4t0wzb\"><div class=\"eb-wrapper-outer eb-wrapper-c4t0wzb\"><div class=\"eb-wrapper-inner\"><div class=\"eb-wrapper-inner-blocks eb-wrapper-align-center\">\n<div class=\"wp-block-essential-blocks-row alignfull  root-eb-row-f8gmfmt\" id=\"contact_section\"><div class=\"eb-parent-wrapper eb-parent-eb-row-f8gmfmt\"><div class=\"eb-row-root-container eb-row-f8gmfmt\" data-id=\"eb-row-f8gmfmt\"><div class=\"eb-row-wrapper\"><div class=\"eb-row-inner\">\n<div class=\"wp-block-essential-blocks-column  root-eb-column-nh9fsi5\"><div class=\"eb-parent-wrapper eb-parent-eb-column-nh9fsi5\"><div class=\"eb-column-wrapper eb-column-nh9fsi5\"><div class=\"eb-column-inner\">\n<div class=\"wp-block-essential-blocks-infobox  root-eb-infobox-hfefnsh\"><div class=\"eb-parent-wrapper eb-parent-eb-infobox-hfefnsh eb_animation eb___animated eb___fadeInLeft\"><div class=\"eb-infobox-hfefnsh eb-infobox-wrapper\" data-clickable=\"true\" data-href=\"#\" data-target=\"_self\"><div class=\"infobox-wrapper-inner\"><div class=\"icon-img-wrapper\"><div class=\"eb-infobox-image-wrapper\"><div class=\"eb-image-wrapper\"><div class=\"eb-image-wrapper-inner eb-infobox-image\"><img decoding=\"async\" src=\"http:\/\/www.forsamarin.com\/wp-content\/uploads\/2025\/09\/2-150x150.png\" alt=\"\"\/><\/div><a class=\"eb-image-link\" href=\"#\" target=\"_self\"><\/a><\/div><\/div><\/div><div class=\"contents-wrapper\"><h2 class=\"title\">E.MAIL<\/h2><h1 class=\"subtitle\">\u0130NFO@FORSAMAR\u0130N.COM<\/h1><\/div><\/div><\/div><\/div><\/div>\n<\/div><\/div><\/div><\/div>\n\n\n\n<div class=\"wp-block-essential-blocks-column  root-eb-column-nr94tps\"><div class=\"eb-parent-wrapper eb-parent-eb-column-nr94tps\"><div class=\"eb-column-wrapper eb-column-nr94tps\"><div class=\"eb-column-inner\">\n<div class=\"wp-block-essential-blocks-infobox  root-eb-infobox-4e48xiu\"><div class=\"eb-parent-wrapper eb-parent-eb-infobox-4e48xiu eb_animation eb___animated eb___fadeInUp\"><div class=\"eb-infobox-4e48xiu eb-infobox-wrapper\"><div class=\"infobox-wrapper-inner\"><div class=\"icon-img-wrapper\"><div class=\"eb-infobox-image-wrapper\"><div class=\"eb-image-wrapper\"><div class=\"eb-image-wrapper-inner eb-infobox-image\"><img decoding=\"async\" src=\"http:\/\/www.forsamarin.com\/wp-content\/uploads\/2025\/09\/1.png\" alt=\"\"\/><\/div><\/div><\/div><\/div><div class=\"contents-wrapper\"><h2 class=\"title\">TELEPHONE<\/h2><h3 class=\"subtitle\">+90 535 232 22 60<br>(0216) 446 71 72<\/h3><\/div><\/div><\/div><\/div><\/div>\n<\/div><\/div><\/div><\/div>\n\n\n\n<div class=\"wp-block-essential-blocks-column  root-eb-column-ylw0qum\"><div class=\"eb-parent-wrapper eb-parent-eb-column-ylw0qum\"><div class=\"eb-column-wrapper eb-column-ylw0qum\"><div class=\"eb-column-inner\">\n<div class=\"wp-block-essential-blocks-infobox  root-eb-infobox-2rsdkde\"><div class=\"eb-parent-wrapper eb-parent-eb-infobox-2rsdkde eb_animation eb___animated eb___fadeInRight\"><div class=\"eb-infobox-2rsdkde eb-infobox-wrapper\"><div class=\"infobox-wrapper-inner\"><div class=\"icon-img-wrapper\"><div class=\"eb-infobox-image-wrapper\"><div class=\"eb-image-wrapper\"><div class=\"eb-image-wrapper-inner eb-infobox-image\"><img decoding=\"async\" src=\"http:\/\/www.forsamarin.com\/wp-content\/uploads\/2025\/09\/3.png\" alt=\"\"\/><\/div><\/div><\/div><\/div><div class=\"contents-wrapper\"><h2 class=\"title\">ADRESS<\/h2><h3 class=\"subtitle\">Evliya \u00c7elebi Mahallesi,Mavi Sokak No:24\/B-3 Tuzla \u0130stanbul Turkiye<\/h3><\/div><\/div><\/div><\/div><\/div>\n<\/div><\/div><\/div><\/div>\n<\/div><\/div><\/div><\/div><\/div>\n<\/div><\/div><\/div><\/div><\/div>\n<\/div>\n\n\n\n<div class=\"wp-block-essential-blocks-wrapper alignfull  root-eb-wrapper-uyi63zj\"><div class=\"eb-parent-wrapper eb-parent-eb-wrapper-uyi63zj\"><div class=\"eb-wrapper-outer eb-wrapper-uyi63zj\"><div class=\"eb-wrapper-inner\"><div class=\"eb-wrapper-inner-blocks eb-wrapper-align-center\">\n<div class=\"wp-block-essential-blocks-google-map trimbar_maps  root-eb-google-map-rvgn0jc\"><div class=\"eb-parent-wrapper eb-parent-eb-google-map-rvgn0jc eb_animation eb___animated eb___zoomIn\"><div id=\"eb-google-map-rvgn0jc\" class=\"eb-google-map-rvgn0jc eb-google-map-wrapper\" data-map-type=\"roadmap\" data-map-zoom=\"18\" data-latitude=\"40.7127753\" data-longitude=\"-74.0059728\" data-search-address=\"New York, NY, USA\" data-marker=\"W3sidGl0bGUiOiJBZHJlc2ltaXoiLCJsb2NhdGlvbiI6IkV2bGl5YSBcdTAwYzdlbGViaSwgTWF2aSBTay4gMjQgQiwgMzQ5NDQgVHV6bGFcL1x1MDEzMHN0YW5idWwsIFRcdTAwZmNya2l5ZSIsImxhdGl0dWRlIjoiNDAuODQyOTAwIiwibG9uZ2l0dWRlIjoiIDI5LjI5NTA0NiIsInNob3dDdXN0b21JY29uIjoiZmFsc2UifV0=\" data-image-size=\"32\" data-theme-source=\"google_theme\" data-google-style=\"standard\" data-snazzy-style=\"default\" style=\"height:400px\"><\/div><\/div><\/div>\n<\/div><\/div><\/div><\/div><\/div>\n<\/div><\/div><\/div><\/div><\/div>\n\n\n\n<div class=\"wp-block-essential-blocks-wrapper alignfull  root-eb-wrapper-8uvrh\"><div class=\"eb-parent-wrapper eb-parent-eb-wrapper-8uvrh\"><div class=\"eb-wrapper-outer eb-wrapper-8uvrh\"><div class=\"eb-wrapper-inner\"><div class=\"eb-wrapper-inner-blocks eb-wrapper-align-center\">\n<div class=\"wp-block-essential-blocks-call-to-action  root-eb-call-to-action-n31ek\"><div class=\"eb-parent-wrapper eb-parent-eb-call-to-action-n31ek eb_animation eb___animated eb___fadeInUp\"><div class=\"eb-cia-wrapper eb-call-to-action-n31ek\" data-icon=\"fas fa-glass-martini\"><div class=\"eb-cia-text-wrapper\"><h4 class=\"eb-cia-subtitle\"><\/h4><h2 class=\"eb-cia-title\">We're with you at sea.<\/h2><p class=\"eb-cia-description\">Contact us for a price quote<\/p><\/div><div class=\"eb-cia-button-wrapper\"><a href=\"#\" target=\"_self\" rel=\"noopener\"><div class=\"eb-cia-button is-custom\">Bize Ula\u015f\u0131n\u0131z<\/div><\/a><\/div><\/div><\/div><\/div>\n<\/div><\/div><\/div><\/div><\/div>\n\n\n\n<p><\/p>","protected":false},"excerpt":{"rendered":"","protected":false},"author":1,"featured_media":0,"parent":0,"menu_order":0,"comment_status":"closed","ping_status":"closed","template":"templately_header_footer","meta":{"_eb_attr":"","footnotes":""},"class_list":["post-858","page","type-page","status-publish","hentry"],"_links":{"self":[{"href":"https:\/\/forsamarin.com\/en\/wp-json\/wp\/v2\/pages\/858","targetHints":{"allow":["GET"]}}],"collection":[{"href":"https:\/\/forsamarin.com\/en\/wp-json\/wp\/v2\/pages"}],"about":[{"href":"https:\/\/forsamarin.com\/en\/wp-json\/wp\/v2\/types\/page"}],"author":[{"embeddable":true,"href":"https:\/\/forsamarin.com\/en\/wp-json\/wp\/v2\/users\/1"}],"replies":[{"embeddable":true,"href":"https:\/\/forsamarin.com\/en\/wp-json\/wp\/v2\/comments?post=858"}],"version-history":[{"count":2,"href":"https:\/\/forsamarin.com\/en\/wp-json\/wp\/v2\/pages\/858\/revisions"}],"predecessor-version":[{"id":978,"href":"https:\/\/forsamarin.com\/en\/wp-json\/wp\/v2\/pages\/858\/revisions\/978"}],"wp:attachment":[{"href":"https:\/\/forsamarin.com\/en\/wp-json\/wp\/v2\/media?parent=858"}],"curies":[{"name":"wp","href":"https:\/\/api.w.org\/{rel}","templated":true}]}}